{"id":5242,"date":"2025-05-28T15:25:09","date_gmt":"2025-05-28T15:25:09","guid":{"rendered":"https:\/\/phonecam.ai\/noticias\/"},"modified":"2025-12-17T10:09:28","modified_gmt":"2025-12-17T10:09:28","slug":"noticias","status":"publish","type":"page","link":"https:\/\/phonecam.ai\/es\/noticias\/","title":{"rendered":"Noticias"},"content":{"rendered":"<p>[et_pb_section fb_built=\u00bb1&#8243; disabled_on=\u00bboff|off|off\u00bb _builder_version=\u00bb4.20.2&#8243; _module_preset=\u00bbdefault\u00bb custom_margin_tablet=\u00bb\u00bb custom_margin_phone=\u00bb||||false|false\u00bb custom_margin_last_edited=\u00bbon|phone\u00bb custom_padding=\u00bb0px||||false|false\u00bb global_colors_info=\u00bb{}\u00bb][et_pb_row column_structure=\u00bb1_4,3_4&#8243; _builder_version=\u00bb4.20.2&#8243; _module_preset=\u00bbdefault\u00bb width=\u00bb90%\u00bb custom_css_main_element=\u00bb.blog-masonry.et_pb_module {||  display: block !important;||}||\u00bb global_colors_info=\u00bb{}\u00bb][et_pb_column type=\u00bb1_4&#8243; _builder_version=\u00bb4.20.2&#8243; _module_preset=\u00bbdefault\u00bb global_colors_info=\u00bb{}\u00bb][et_pb_sidebar area=\u00bbsidebar-1&#8243; show_border=\u00bboff\u00bb _builder_version=\u00bb4.20.2&#8243; _module_preset=\u00bbdefault\u00bb header_text_color=\u00bb#000000&#8243; global_colors_info=\u00bb{}\u00bb body_text_color__hover_enabled=\u00bbon|desktop\u00bb body_text_color__hover=\u00bb#000000&#8243;][\/et_pb_sidebar][\/et_pb_column][et_pb_column type=\u00bb3_4&#8243; _builder_version=\u00bb4.20.2&#8243; _module_preset=\u00bbdefault\u00bb custom_padding=\u00bb|0px||0px|false|false\u00bb global_colors_info=\u00bb{}\u00bb][et_pb_blog fullwidth=\u00bboff\u00bb include_categories=\u00bball\u00bb module_class=\u00bbblog-masonry\u00bb _builder_version=\u00bb4.20.2&#8243; _module_preset=\u00bbdefault\u00bb header_text_color=\u00bb#000000&#8243; body_text_color=\u00bb#000000&#8243; meta_text_color=\u00bb#6B6B6B\u00bb meta_font_size=\u00bb15px\u00bb width=\u00bb100%\u00bb custom_margin=\u00bb0px|0px|0px|0px|false|false\u00bb custom_padding=\u00bb0px|0px|0px|0px|false|false\u00bb border_width_all=\u00bb0px\u00bb border_radii_image=\u00bbon|12px|12px|12px|12px\u00bb global_colors_info=\u00bb{}\u00bb min_height__hover_enabled=\u00bboff|desktop\u00bb][\/et_pb_blog][\/et_pb_column][\/et_pb_row][\/et_pb_section][et_pb_section fb_built=\u00bb1&#8243; custom_padding_last_edited=\u00bbon|phone\u00bb _builder_version=\u00bb4.20.2&#8243; _module_preset=\u00bbdefault\u00bb custom_padding=\u00bb||100px||false|false\u00bb custom_padding_tablet=\u00bb||100px||false|false\u00bb custom_padding_phone=\u00bb||50px||false|false\u00bb global_colors_info=\u00bb{}\u00bb][et_pb_row column_structure=\u00bb1_3,1_3,1_3&#8243; use_custom_gutter=\u00bbon\u00bb gutter_width=\u00bb4&#8243; custom_padding_last_edited=\u00bbon|desktop\u00bb _builder_version=\u00bb4.20.2&#8243; _module_preset=\u00bbdefault\u00bb background_color=\u00bb#f4f4f6&#8243; width=\u00bb90%\u00bb custom_padding=\u00bb70px|50px|70px|50px|false|false\u00bb custom_padding_tablet=\u00bb70px|50px|70px|50px|false|false\u00bb custom_padding_phone=\u00bb70px|30px|70px|30px|false|false\u00bb border_radii=\u00bbon|12px|12px|12px|12px\u00bb locked=\u00bboff\u00bb global_colors_info=\u00bb{}\u00bb][et_pb_column type=\u00bb1_3&#8243; _builder_version=\u00bb4.20.2&#8243; _module_preset=\u00bbdefault\u00bb global_colors_info=\u00bb{}\u00bb][et_pb_text _builder_version=\u00bb4.20.2&#8243; _module_preset=\u00bbdefault\u00bb hover_enabled=\u00bb0&#8243; global_colors_info=\u00bb{}\u00bb sticky_enabled=\u00bb0&#8243;]<\/p>\n<h2>Colabora con nosotros<\/h2>\n<p>Estamos abiertos a cualquier colaboraci\u00f3n fruct\u00edfera. Nuestro objetivo es ayudar al resto de nosotros a estar m\u00e1s seguros y trabajar de forma m\u00e1s eficiente. Env\u00ede un correo electr\u00f3nico a <a href=\"mailto:info@phonecam.ai\">info@phonecam.ai<\/a>  <\/p>\n<p>[\/et_pb_text][\/et_pb_column][et_pb_column type=\u00bb1_3&#8243; _builder_version=\u00bb4.20.2&#8243; _module_preset=\u00bbdefault\u00bb global_colors_info=\u00bb{}\u00bb][et_pb_text _builder_version=\u00bb4.20.2&#8243; _module_preset=\u00bbdefault\u00bb hover_enabled=\u00bb0&#8243; global_colors_info=\u00bb{}\u00bb sticky_enabled=\u00bb0&#8243;]<\/p>\n<h2>\u00a1\u00danete a nosotros!<\/h2>\n<p>Buscamos personas en todos los \u00e1mbitos. Si crees que puedes ser un activo valioso para nuestro equipo en el \u00e1rea de software o gesti\u00f3n de producto, env\u00eda tu solicitud a <a href=\"mailto:info@phonecam.ai\">info@phonecam.ai<\/a>. <\/p>\n<p>[\/et_pb_text][\/et_pb_column][et_pb_column type=\u00bb1_3&#8243; _builder_version=\u00bb4.20.2&#8243; _module_preset=\u00bbdefault\u00bb global_colors_info=\u00bb{}\u00bb][et_pb_text _builder_version=\u00bb4.20.2&#8243; _module_preset=\u00bbdefault\u00bb hover_enabled=\u00bb0&#8243; global_colors_info=\u00bb{}\u00bb sticky_enabled=\u00bb0&#8243;]<\/p>\n<h2>\u00a1P\u00f3ngase en contacto con nosotros!<\/h2>\n<p>Si est\u00e1s interesado en PhoneCam, env\u00eda un correo electr\u00f3nico a <a href=\"mailto:info@phonecam.ai\">info@phonecam.ai<\/a>.<\/p>\n<p>[\/et_pb_text][et_pb_text disabled_on=\u00bbon|on|on\u00bb _builder_version=\u00bb4.20.2&#8243; _module_preset=\u00bbdefault\u00bb custom_margin=\u00bb||30px||false|false\u00bb disabled=\u00bbon\u00bb global_colors_info=\u00bb{}\u00bb]<\/p>\n<h2>Recibe notificaciones<\/h2>\n<p>&nbsp;<\/p>\n<p>Si deseas recibir notificaciones, reg\u00edstrate a continuaci\u00f3n para recibir actualizaciones por correo electr\u00f3nico y saber cu\u00e1ndo aceptamos pedidos.<br \/>Sigue nuestras p\u00e1ginas de <a href=\"https:\/\/www.linkedin.com\/company\/phonecam-by-slimdesign\/\">Linkedin<\/a> e <a href=\"https:\/\/www.instagram.com\/phonecam_by_slimdesign\/\">Instagram, <\/a>donde publicamos nuevos art\u00edculos y otros contenidos.<\/p>\n<p>[\/et_pb_text][et_pb_contact_form captcha=\u00bboff\u00bb email=\u00bbinfo@phonecam.com\u00bb custom_message=\u00bbGet Notified Subscriber||et_pb_line_break_holder||||et_pb_line_break_holder||Email: %%Email%%\u00bb success_message=\u00bb\u00a1Te has registrado correctamente!\u00bb submit_button_text=\u00bbRecibe notificaciones\u00bb disabled_on=\u00bbon|on|on\u00bb _builder_version=\u00bb4.20.2&#8243; _module_preset=\u00bbdefault\u00bb _unique_id=\u00bba2fa75cb-0583-4c1b-9460-30dcdd7d27a5&#8243; form_field_background_color=\u00bbRGBA(255,255,255,0)\u00bb form_field_focus_background_color=\u00bb#f9f9f9&#8243; title_text_color=\u00bb#000000&#8243; form_field_font=\u00bb||||||||\u00bb custom_button=\u00bbon\u00bb button_text_color=\u00bb#000000&#8243; button_bg_color=\u00bbRGBA(255,255,255,0)\u00bb button_border_width=\u00bb2px\u00bb button_border_color=\u00bb#000000&#8243; button_border_radius=\u00bb100px\u00bb button_use_icon=\u00bboff\u00bb button_custom_margin=\u00bb||||false|false\u00bb button_custom_margin_tablet=\u00bb||||false|false\u00bb button_custom_margin_phone=\u00bb|||0px|false|false\u00bb button_custom_margin_last_edited=\u00bbon|phone\u00bb width=\u00bb100%\u00bb module_alignment=\u00bbleft\u00bb border_width_bottom=\u00bb2px\u00bb border_color_bottom=\u00bb#000000&#8243; disabled=\u00bbon\u00bb locked=\u00bboff\u00bb global_colors_info=\u00bb{}\u00bb button_border_color__hover_enabled=\u00bbon|hover\u00bb button_border_color__hover=\u00bb#000000&#8243; button_border_width__hover_enabled=\u00bboff|desktop\u00bb button_border_width__hover=\u00bb3px\u00bb button_text_color__hover_enabled=\u00bbon|desktop\u00bb button_text_color__hover=\u00bb#FFFFFF\u00bb button_bg_color__hover_enabled=\u00bbon|hover\u00bb button_bg_color__hover=\u00bb#000000&#8243; button_bg_enable_color__hover=\u00bbon\u00bb][et_pb_contact_field field_id=\u00bbEmail\u00bb field_title=\u00bbCorreo electr\u00f3nico\u00bb field_type=\u00bbemail\u00bb fullwidth_field=\u00bbon\u00bb _builder_version=\u00bb4.20.2&#8243; _module_preset=\u00bbdefault\u00bb global_colors_info=\u00bb{}\u00bb][\/et_pb_contact_field][\/et_pb_contact_form][\/et_pb_column][\/et_pb_row][\/et_pb_section][et_pb_section fb_built=\u00bb1&#8243; disabled_on=\u00bbon|on|on\u00bb _builder_version=\u00bb4.16&#8243; _module_preset=\u00bbdefault\u00bb custom_margin=\u00bb|3vw||3vw|false|true\u00bb custom_margin_tablet=\u00bb|3vw||0vw|false|false\u00bb custom_margin_phone=\u00bb|||3vw|false|false\u00bb custom_margin_last_edited=\u00bbon|tablet\u00bb custom_padding=\u00bb|0px||0px|false|true\u00bb disabled=\u00bbon\u00bb global_colors_info=\u00bb{}\u00bb][et_pb_row column_structure=\u00bb1_4,3_4&#8243; use_custom_gutter=\u00bbon\u00bb gutter_width=\u00bb1&#8243; _builder_version=\u00bb4.16&#8243; _module_preset=\u00bb86f2cb3c-f9df-410d-b289-179ba585df2e\u00bb custom_padding=\u00bb||||false|false\u00bb global_colors_info=\u00bb{}\u00bb][et_pb_column type=\u00bb1_4&#8243; disabled_on=\u00bbon|on|off\u00bb _builder_version=\u00bb4.16&#8243; _module_preset=\u00bbdefault\u00bb custom_padding=\u00bb|10px|||false|false\u00bb global_colors_info=\u00bb{}\u00bb][et_pb_sidebar show_border=\u00bboff\u00bb disabled_on=\u00bbon|off|off\u00bb _builder_version=\u00bb4.16&#8243; _module_preset=\u00bbdefault\u00bb body_font=\u00bb|300|||||||\u00bb body_line_height=\u00bb1em\u00bb custom_margin=\u00bb0px|0px|0px|0px|false|false\u00bb custom_padding=\u00bb10px||||false|false\u00bb global_colors_info=\u00bb{}\u00bb][\/et_pb_sidebar][et_pb_text _builder_version=\u00bb4.16&#8243; _module_preset=\u00bbdefault\u00bb text_font=\u00bb|300|||||||\u00bb text_orientation=\u00bbjustified\u00bb max_width=\u00bb450px\u00bb custom_margin=\u00bb||50px||false|false\u00bb global_colors_info=\u00bb{}\u00bb]<\/p>\n<p>\u00bfBuscas una respuesta sobre un tema espec\u00edfico<br \/>o el consejo de nuestros expertos?<\/p>\n<p>Hablemos, estaremos encantados de ayudarte.<\/p>\n<p>[\/et_pb_text][et_pb_button button_url=\u00bbhttp:\/\/slimdesign.com\/contact\/\u00bb button_text=\u00bbHablemos\u00bb button_alignment=\u00bbright\u00bb admin_label=\u00bbGet in touch\u00bb _builder_version=\u00bb4.20.2&#8243; _module_preset=\u00bbdefault\u00bb custom_margin=\u00bb|782px|20px|782px|false|true\u00bb custom_padding=\u00bb||||false|false\u00bb saved_tabs=\u00bball\u00bb global_colors_info=\u00bb{}\u00bb][\/et_pb_button][et_pb_button button_url=\u00bb@ET-DC@eyJkeW5hbWljIjp0cnVlLCJjb250ZW50IjoicG9zdF9saW5rX3VybF9wYWdlIiwic2V0dGluZ3MiOnsicG9zdF9pZCI6IjEyMDI2In19@\u00bb button_text=\u00bbPlanificar una reuni\u00f3n\u00bb admin_label=\u00bbLearn More\u00bb _builder_version=\u00bb4.16&#8243; _dynamic_attributes=\u00bbbutton_url\u00bb _module_preset=\u00bbdefault\u00bb custom_button=\u00bbon\u00bb button_text_color=\u00bb#7d7d7d\u00bb button_bg_color=\u00bb#efefef\u00bb button_border_color=\u00bb#efefef\u00bb button_use_icon=\u00bboff\u00bb custom_margin=\u00bb|20px|20px||false|false\u00bb global_colors_info=\u00bb{}\u00bb button_text_color__hover_enabled=\u00bbon|desktop\u00bb button_text_color__hover=\u00bb#7db4d7&#8243; button_bg_color__hover_enabled=\u00bbon|hover\u00bb button_bg_color__hover=\u00bb#ffffff\u00bb button_bg_enable_color__hover=\u00bbon\u00bb button_border_color__hover_enabled=\u00bbon|hover\u00bb button_border_color__hover=\u00bb#7db4d7&#8243;][\/et_pb_button][\/et_pb_column][et_pb_column type=\u00bb3_4&#8243; _builder_version=\u00bb4.16&#8243; _module_preset=\u00bbdefault\u00bb global_colors_info=\u00bb{}\u00bb][et_pb_blog fullwidth=\u00bboff\u00bb posts_number=\u00bb100&#8243; include_categories=\u00bball\u00bb show_author=\u00bboff\u00bb show_date=\u00bboff\u00bb show_categories=\u00bboff\u00bb _builder_version=\u00bb4.16&#8243; _module_preset=\u00bbdefault\u00bb header_font=\u00bb||||||||\u00bb header_text_align=\u00bbleft\u00bb body_font=\u00bb|300|||||||\u00bb body_text_align=\u00bbjustify\u00bb text_orientation=\u00bbjustified\u00bb custom_css_content=\u00bbpadding-bottom: 50px;||||\u00bb border_width_all=\u00bb0px\u00bb global_colors_info=\u00bb{}\u00bb][\/et_pb_blog][\/et_pb_column][\/et_pb_row][\/et_pb_section]<\/p>\n","protected":false},"excerpt":{"rendered":"<p>Colabora con nosotros Estamos abiertos a cualquier colaboraci\u00f3n fruct\u00edfera. Nuestro objetivo es ayudar al resto de nosotros a estar m\u00e1s seguros y trabajar de forma m\u00e1s eficiente. Env\u00ede un correo electr\u00f3nico a info@phonecam.ai \u00a1\u00danete a nosotros! Buscamos personas en todos los \u00e1mbitos. Si crees que puedes ser un activo valioso para nuestro equipo en el [&hellip;]<\/p>\n","protected":false},"author":1,"featured_media":0,"parent":0,"menu_order":0,"comment_status":"closed","ping_status":"closed","template":"","meta":{"_et_pb_use_builder":"on","_et_pb_old_content":"","_et_gb_content_width":"","footnotes":""},"class_list":["post-5242","page","type-page","status-publish","hentry"],"yoast_head":"<!-- This site is optimized with the Yoast SEO plugin v26.4 - https:\/\/yoast.com\/wordpress\/plugins\/seo\/ -->\n<title>Noticias - PhoneCam<\/title>\n<meta name=\"robots\" content=\"index, follow, max-snippet:-1, max-image-preview:large, max-video-preview:-1\" \/>\n<link rel=\"canonical\" href=\"https:\/\/phonecam.ai\/es\/noticias\/\" \/>\n<meta property=\"og:locale\" content=\"es_ES\" \/>\n<meta property=\"og:type\" content=\"article\" \/>\n<meta property=\"og:title\" content=\"Noticias - PhoneCam\" \/>\n<meta property=\"og:description\" content=\"Colabora con nosotros Estamos abiertos a cualquier colaboraci\u00f3n fruct\u00edfera. Nuestro objetivo es ayudar al resto de nosotros a estar m\u00e1s seguros y trabajar de forma m\u00e1s eficiente. Env\u00ede un correo electr\u00f3nico a info@phonecam.ai \u00a1\u00danete a nosotros! Buscamos personas en todos los \u00e1mbitos. Si crees que puedes ser un activo valioso para nuestro equipo en el [&hellip;]\" \/>\n<meta property=\"og:url\" content=\"https:\/\/phonecam.ai\/es\/noticias\/\" \/>\n<meta property=\"og:site_name\" content=\"PhoneCam\" \/>\n<meta property=\"article:modified_time\" content=\"2025-12-17T10:09:28+00:00\" \/>\n<meta name=\"twitter:card\" content=\"summary_large_image\" \/>\n<meta name=\"twitter:label1\" content=\"Tiempo de lectura\" \/>\n\t<meta name=\"twitter:data1\" content=\"6 minutos\" \/>\n<script type=\"application\/ld+json\" class=\"yoast-schema-graph\">{\"@context\":\"https:\/\/schema.org\",\"@graph\":[{\"@type\":\"WebPage\",\"@id\":\"https:\/\/phonecam.ai\/es\/noticias\/\",\"url\":\"https:\/\/phonecam.ai\/es\/noticias\/\",\"name\":\"Noticias - PhoneCam\",\"isPartOf\":{\"@id\":\"https:\/\/phonecam.ai\/es\/#website\"},\"datePublished\":\"2025-05-28T15:25:09+00:00\",\"dateModified\":\"2025-12-17T10:09:28+00:00\",\"breadcrumb\":{\"@id\":\"https:\/\/phonecam.ai\/es\/noticias\/#breadcrumb\"},\"inLanguage\":\"es\",\"potentialAction\":[{\"@type\":\"ReadAction\",\"target\":[\"https:\/\/phonecam.ai\/es\/noticias\/\"]}]},{\"@type\":\"BreadcrumbList\",\"@id\":\"https:\/\/phonecam.ai\/es\/noticias\/#breadcrumb\",\"itemListElement\":[{\"@type\":\"ListItem\",\"position\":1,\"name\":\"Home\",\"item\":\"https:\/\/phonecam.ai\/es\/home\/\"},{\"@type\":\"ListItem\",\"position\":2,\"name\":\"Noticias\"}]},{\"@type\":\"WebSite\",\"@id\":\"https:\/\/phonecam.ai\/es\/#website\",\"url\":\"https:\/\/phonecam.ai\/es\/\",\"name\":\"PhoneCam\",\"description\":\"The World&#039;s Smallest, most Affordable AI Bodycamera\",\"publisher\":{\"@id\":\"https:\/\/phonecam.ai\/es\/#organization\"},\"potentialAction\":[{\"@type\":\"SearchAction\",\"target\":{\"@type\":\"EntryPoint\",\"urlTemplate\":\"https:\/\/phonecam.ai\/es\/?s={search_term_string}\"},\"query-input\":{\"@type\":\"PropertyValueSpecification\",\"valueRequired\":true,\"valueName\":\"search_term_string\"}}],\"inLanguage\":\"es\"},{\"@type\":\"Organization\",\"@id\":\"https:\/\/phonecam.ai\/es\/#organization\",\"name\":\"PhoneCam\",\"url\":\"https:\/\/phonecam.ai\/es\/\",\"logo\":{\"@type\":\"ImageObject\",\"inLanguage\":\"es\",\"@id\":\"https:\/\/phonecam.ai\/es\/#\/schema\/logo\/image\/\",\"url\":\"http:\/\/phonecam.ai\/wp-content\/uploads\/2024\/02\/PhoneCam_Logo_Black_White-Background-02.png\",\"contentUrl\":\"http:\/\/phonecam.ai\/wp-content\/uploads\/2024\/02\/PhoneCam_Logo_Black_White-Background-02.png\",\"width\":5006,\"height\":1771,\"caption\":\"PhoneCam\"},\"image\":{\"@id\":\"https:\/\/phonecam.ai\/es\/#\/schema\/logo\/image\/\"},\"sameAs\":[\"https:\/\/www.instagram.com\/phonecam.ai\/\",\"https:\/\/www.linkedin.com\/company\/phonecam-by-slimdesign\"]}]}<\/script>\n<!-- \/ Yoast SEO plugin. -->","yoast_head_json":{"title":"Noticias - PhoneCam","robots":{"index":"index","follow":"follow","max-snippet":"max-snippet:-1","max-image-preview":"max-image-preview:large","max-video-preview":"max-video-preview:-1"},"canonical":"https:\/\/phonecam.ai\/es\/noticias\/","og_locale":"es_ES","og_type":"article","og_title":"Noticias - PhoneCam","og_description":"Colabora con nosotros Estamos abiertos a cualquier colaboraci\u00f3n fruct\u00edfera. Nuestro objetivo es ayudar al resto de nosotros a estar m\u00e1s seguros y trabajar de forma m\u00e1s eficiente. Env\u00ede un correo electr\u00f3nico a info@phonecam.ai \u00a1\u00danete a nosotros! Buscamos personas en todos los \u00e1mbitos. Si crees que puedes ser un activo valioso para nuestro equipo en el [&hellip;]","og_url":"https:\/\/phonecam.ai\/es\/noticias\/","og_site_name":"PhoneCam","article_modified_time":"2025-12-17T10:09:28+00:00","twitter_card":"summary_large_image","twitter_misc":{"Tiempo de lectura":"6 minutos"},"schema":{"@context":"https:\/\/schema.org","@graph":[{"@type":"WebPage","@id":"https:\/\/phonecam.ai\/es\/noticias\/","url":"https:\/\/phonecam.ai\/es\/noticias\/","name":"Noticias - PhoneCam","isPartOf":{"@id":"https:\/\/phonecam.ai\/es\/#website"},"datePublished":"2025-05-28T15:25:09+00:00","dateModified":"2025-12-17T10:09:28+00:00","breadcrumb":{"@id":"https:\/\/phonecam.ai\/es\/noticias\/#breadcrumb"},"inLanguage":"es","potentialAction":[{"@type":"ReadAction","target":["https:\/\/phonecam.ai\/es\/noticias\/"]}]},{"@type":"BreadcrumbList","@id":"https:\/\/phonecam.ai\/es\/noticias\/#breadcrumb","itemListElement":[{"@type":"ListItem","position":1,"name":"Home","item":"https:\/\/phonecam.ai\/es\/home\/"},{"@type":"ListItem","position":2,"name":"Noticias"}]},{"@type":"WebSite","@id":"https:\/\/phonecam.ai\/es\/#website","url":"https:\/\/phonecam.ai\/es\/","name":"PhoneCam","description":"The World&#039;s Smallest, most Affordable AI Bodycamera","publisher":{"@id":"https:\/\/phonecam.ai\/es\/#organization"},"potentialAction":[{"@type":"SearchAction","target":{"@type":"EntryPoint","urlTemplate":"https:\/\/phonecam.ai\/es\/?s={search_term_string}"},"query-input":{"@type":"PropertyValueSpecification","valueRequired":true,"valueName":"search_term_string"}}],"inLanguage":"es"},{"@type":"Organization","@id":"https:\/\/phonecam.ai\/es\/#organization","name":"PhoneCam","url":"https:\/\/phonecam.ai\/es\/","logo":{"@type":"ImageObject","inLanguage":"es","@id":"https:\/\/phonecam.ai\/es\/#\/schema\/logo\/image\/","url":"http:\/\/phonecam.ai\/wp-content\/uploads\/2024\/02\/PhoneCam_Logo_Black_White-Background-02.png","contentUrl":"http:\/\/phonecam.ai\/wp-content\/uploads\/2024\/02\/PhoneCam_Logo_Black_White-Background-02.png","width":5006,"height":1771,"caption":"PhoneCam"},"image":{"@id":"https:\/\/phonecam.ai\/es\/#\/schema\/logo\/image\/"},"sameAs":["https:\/\/www.instagram.com\/phonecam.ai\/","https:\/\/www.linkedin.com\/company\/phonecam-by-slimdesign"]}]}},"_links":{"self":[{"href":"https:\/\/phonecam.ai\/es\/wp-json\/wp\/v2\/pages\/5242","targetHints":{"allow":["GET"]}}],"collection":[{"href":"https:\/\/phonecam.ai\/es\/wp-json\/wp\/v2\/pages"}],"about":[{"href":"https:\/\/phonecam.ai\/es\/wp-json\/wp\/v2\/types\/page"}],"author":[{"embeddable":true,"href":"https:\/\/phonecam.ai\/es\/wp-json\/wp\/v2\/users\/1"}],"replies":[{"embeddable":true,"href":"https:\/\/phonecam.ai\/es\/wp-json\/wp\/v2\/comments?post=5242"}],"version-history":[{"count":4,"href":"https:\/\/phonecam.ai\/es\/wp-json\/wp\/v2\/pages\/5242\/revisions"}],"predecessor-version":[{"id":5396,"href":"https:\/\/phonecam.ai\/es\/wp-json\/wp\/v2\/pages\/5242\/revisions\/5396"}],"wp:attachment":[{"href":"https:\/\/phonecam.ai\/es\/wp-json\/wp\/v2\/media?parent=5242"}],"curies":[{"name":"wp","href":"https:\/\/api.w.org\/{rel}","templated":true}]}}