{"id":5595,"date":"2025-05-28T15:25:09","date_gmt":"2025-05-28T15:25:09","guid":{"rendered":"https:\/\/phonecam.ai\/insights\/"},"modified":"2025-12-22T09:48:18","modified_gmt":"2025-12-22T09:48:18","slug":"insights","status":"publish","type":"page","link":"https:\/\/phonecam.ai\/fr\/insights\/","title":{"rendered":"Perspectives"},"content":{"rendered":"<p>[et_pb_section fb_built=\u00a0\u00bb1&Prime; disabled_on=\u00a0\u00bboff|off|off\u00a0\u00bb _builder_version=\u00a0\u00bb4.20.2&Prime; _module_preset=\u00a0\u00bbdefault\u00a0\u00bb custom_margin_tablet=\u00a0\u00bb\u00a0\u00bb custom_margin_phone=\u00a0\u00bb||||false|false\u00a0\u00bb custom_margin_last_edited=\u00a0\u00bbon|phone\u00a0\u00bb custom_padding=\u00a0\u00bb0px||||false|false\u00a0\u00bb global_colors_info=\u00a0\u00bb{}\u00a0\u00bb][et_pb_row column_structure=\u00a0\u00bb1_4,3_4&Prime; _builder_version=\u00a0\u00bb4.20.2&Prime; _module_preset=\u00a0\u00bbdefault\u00a0\u00bb width=\u00a0\u00bb90%\u00a0\u00bb custom_css_main_element=\u00a0\u00bb.blog-masonry.et_pb_module {||  display: block !important;||}||\u00a0\u00bb global_colors_info=\u00a0\u00bb{}\u00a0\u00bb][et_pb_column type=\u00a0\u00bb1_4&Prime; _builder_version=\u00a0\u00bb4.20.2&Prime; _module_preset=\u00a0\u00bbdefault\u00a0\u00bb global_colors_info=\u00a0\u00bb{}\u00a0\u00bb][et_pb_sidebar area=\u00a0\u00bbsidebar-1&Prime; show_border=\u00a0\u00bboff\u00a0\u00bb _builder_version=\u00a0\u00bb4.20.2&Prime; _module_preset=\u00a0\u00bbdefault\u00a0\u00bb header_text_color=\u00a0\u00bb#000000&Prime; global_colors_info=\u00a0\u00bb{}\u00a0\u00bb body_text_color__hover_enabled=\u00a0\u00bbon|desktop\u00a0\u00bb body_text_color__hover=\u00a0\u00bb#000000&Prime;][\/et_pb_sidebar][\/et_pb_column][et_pb_column type=\u00a0\u00bb3_4&Prime; _builder_version=\u00a0\u00bb4.20.2&Prime; _module_preset=\u00a0\u00bbdefault\u00a0\u00bb custom_padding=\u00a0\u00bb|0px||0px|false|false\u00a0\u00bb global_colors_info=\u00a0\u00bb{}\u00a0\u00bb][et_pb_blog fullwidth=\u00a0\u00bboff\u00a0\u00bb include_categories=\u00a0\u00bball\u00a0\u00bb module_class=\u00a0\u00bbblog-masonry\u00a0\u00bb _builder_version=\u00a0\u00bb4.20.2&Prime; _module_preset=\u00a0\u00bbdefault\u00a0\u00bb header_text_color=\u00a0\u00bb#000000&Prime; body_text_color=\u00a0\u00bb#000000&Prime; meta_text_color=\u00a0\u00bb#6B6B6B\u00a0\u00bb meta_font_size=\u00a0\u00bb15px\u00a0\u00bb width=\u00a0\u00bb100%\u00a0\u00bb custom_margin=\u00a0\u00bb0px|0px|0px|0px|false|false\u00a0\u00bb custom_padding=\u00a0\u00bb0px|0px|0px|0px|false|false\u00a0\u00bb border_width_all=\u00a0\u00bb0px\u00a0\u00bb border_radii_image=\u00a0\u00bbon|12px|12px|12px|12px\u00a0\u00bb global_colors_info=\u00a0\u00bb{}\u00a0\u00bb min_height__hover_enabled=\u00a0\u00bboff|desktop\u00a0\u00bb][\/et_pb_blog][\/et_pb_column][\/et_pb_row][\/et_pb_section][et_pb_section fb_built=\u00a0\u00bb1&Prime; custom_padding_last_edited=\u00a0\u00bbon|phone\u00a0\u00bb _builder_version=\u00a0\u00bb4.20.2&Prime; _module_preset=\u00a0\u00bbdefault\u00a0\u00bb custom_padding=\u00a0\u00bb||100px||false|false\u00a0\u00bb custom_padding_tablet=\u00a0\u00bb||100px||false|false\u00a0\u00bb custom_padding_phone=\u00a0\u00bb||50px||false|false\u00a0\u00bb global_colors_info=\u00a0\u00bb{}\u00a0\u00bb][et_pb_row column_structure=\u00a0\u00bb1_3,1_3,1_3&Prime; use_custom_gutter=\u00a0\u00bbon\u00a0\u00bb gutter_width=\u00a0\u00bb4&Prime; custom_padding_last_edited=\u00a0\u00bbon|desktop\u00a0\u00bb _builder_version=\u00a0\u00bb4.20.2&Prime; _module_preset=\u00a0\u00bbdefault\u00a0\u00bb background_color=\u00a0\u00bb#f4f4f6&Prime; width=\u00a0\u00bb90%\u00a0\u00bb custom_padding=\u00a0\u00bb70px|50px|70px|50px|false|false\u00a0\u00bb custom_padding_tablet=\u00a0\u00bb70px|50px|70px|50px|false|false\u00a0\u00bb custom_padding_phone=\u00a0\u00bb70px|30px|70px|30px|false|false\u00a0\u00bb border_radii=\u00a0\u00bbon|12px|12px|12px|12px\u00a0\u00bb locked=\u00a0\u00bboff\u00a0\u00bb global_colors_info=\u00a0\u00bb{}\u00a0\u00bb][et_pb_column type=\u00a0\u00bb1_3&Prime; _builder_version=\u00a0\u00bb4.20.2&Prime; _module_preset=\u00a0\u00bbdefault\u00a0\u00bb global_colors_info=\u00a0\u00bb{}\u00a0\u00bb][et_pb_text _builder_version=\u00a0\u00bb4.20.2&Prime; _module_preset=\u00a0\u00bbdefault\u00a0\u00bb hover_enabled=\u00a0\u00bb0&Prime; global_colors_info=\u00a0\u00bb{}\u00a0\u00bb sticky_enabled=\u00a0\u00bb0&Prime;]<\/p>\n<h2>Partenariat avec nous<\/h2>\n<p><a href=\"mailto:info@phonecam.ai\">info@phonecam.ai<\/a>  <\/p>\n<p>[\/et_pb_text][\/et_pb_column][et_pb_column type=\u00a0\u00bb1_3&Prime; _builder_version=\u00a0\u00bb4.20.2&Prime; _module_preset=\u00a0\u00bbdefault\u00a0\u00bb global_colors_info=\u00a0\u00bb{}\u00a0\u00bb][et_pb_text _builder_version=\u00a0\u00bb4.20.2&Prime; _module_preset=\u00a0\u00bbdefault\u00a0\u00bb hover_enabled=\u00a0\u00bb0&Prime; global_colors_info=\u00a0\u00bb{}\u00a0\u00bb sticky_enabled=\u00a0\u00bb0&Prime;]<\/p>\n<h2>Rejoignez-nous!<\/h2>\n<p>Nous recherchons des personnes sur tous les fronts. Si vous pensez pouvoir \u00eatre un atout pr\u00e9cieux pour notre \u00e9quipe en gestion de logiciels ou de produits, veuillez envoyer votre candidature \u00e0 <a href=\"mailto:info@phonecam.ai\">info@phonecam.ai<\/a>. <\/p>\n<p>[\/et_pb_text][\/et_pb_column][et_pb_column type=\u00a0\u00bb1_3&Prime; _builder_version=\u00a0\u00bb4.20.2&Prime; _module_preset=\u00a0\u00bbdefault\u00a0\u00bb global_colors_info=\u00a0\u00bb{}\u00a0\u00bb][et_pb_text _builder_version=\u00a0\u00bb4.20.2&Prime; _module_preset=\u00a0\u00bbdefault\u00a0\u00bb hover_enabled=\u00a0\u00bb0&Prime; global_colors_info=\u00a0\u00bb{}\u00a0\u00bb sticky_enabled=\u00a0\u00bb0&Prime;]<\/p>\n<h2>Contactez-nous !<\/h2>\n<p>Si vous \u00eates int\u00e9ress\u00e9 par PhoneCam, veuillez envoyer un e-mail \u00e0 <a href=\"mailto:info@phonecam.ai\">info@phonecam.ai<\/a>.<\/p>\n<p>[\/et_pb_text][et_pb_text disabled_on=\u00a0\u00bbon|on|on\u00a0\u00bb _builder_version=\u00a0\u00bb4.20.2&Prime; _module_preset=\u00a0\u00bbdefault\u00a0\u00bb custom_margin=\u00a0\u00bb||30px||false|false\u00a0\u00bb disabled=\u00a0\u00bbon\u00a0\u00bb global_colors_info=\u00a0\u00bb{}\u00a0\u00bb]<\/p>\n<h2>Soyez inform\u00e9<\/h2>\n<p>&nbsp;<\/p>\n<p>Si vous souhaitez \u00eatre inform\u00e9, veuillez vous inscrire ci-dessous pour recevoir des mises \u00e0 jour par e-mail et savoir quand nous prenons les commandes.<br \/>Suivez nos pages <a href=\"https:\/\/www.linkedin.com\/company\/phonecam-by-slimdesign\/\">Linkedin<\/a> et <a href=\"https:\/\/www.instagram.com\/phonecam_by_slimdesign\/\">Instagram,<\/a> o\u00f9 nous publions de nouveaux articles et d&rsquo;autres contenus.<\/p>\n<p>[\/et_pb_text][et_pb_contact_form captcha=\u00a0\u00bboff\u00a0\u00bb email=\u00a0\u00bbinfo@phonecam.ai\u00a0\u00bb custom_message=\u00a0\u00bbGet Notified Subscriber||et_pb_line_break_holder||||et_pb_line_break_holder||Email: %%Email%%\u00a0\u00bb success_message=\u00a0\u00bbVous \u00eates bien inscrit!\u00a0\u00bb submit_button_text=\u00a0\u00bbSoyez inform\u00e9\u00a0\u00bb disabled_on=\u00a0\u00bbon|on|on\u00a0\u00bb _builder_version=\u00a0\u00bb4.20.2&Prime; _module_preset=\u00a0\u00bbdefault\u00a0\u00bb _unique_id=\u00a0\u00bba2fa75cb-0583-4c1b-9460-30dcdd7d27a5&Prime; form_field_background_color=\u00a0\u00bbRGBA(255,255,255,0)\u00a0\u00bb form_field_focus_background_color=\u00a0\u00bb#f9f9f9&Prime; title_text_color=\u00a0\u00bb#000000&Prime; form_field_font=\u00a0\u00bb||||||||\u00a0\u00bb custom_button=\u00a0\u00bbon\u00a0\u00bb button_text_color=\u00a0\u00bb#000000&Prime; button_bg_color=\u00a0\u00bbRGBA(255,255,255,0)\u00a0\u00bb button_border_width=\u00a0\u00bb2px\u00a0\u00bb button_border_color=\u00a0\u00bb#000000&Prime; button_border_radius=\u00a0\u00bb100px\u00a0\u00bb button_use_icon=\u00a0\u00bboff\u00a0\u00bb button_custom_margin=\u00a0\u00bb||||false|false\u00a0\u00bb button_custom_margin_tablet=\u00a0\u00bb||||false|false\u00a0\u00bb button_custom_margin_phone=\u00a0\u00bb|||0px|false|false\u00a0\u00bb button_custom_margin_last_edited=\u00a0\u00bbon|phone\u00a0\u00bb width=\u00a0\u00bb100%\u00a0\u00bb module_alignment=\u00a0\u00bbleft\u00a0\u00bb border_width_bottom=\u00a0\u00bb2px\u00a0\u00bb border_color_bottom=\u00a0\u00bb#000000&Prime; disabled=\u00a0\u00bbon\u00a0\u00bb locked=\u00a0\u00bboff\u00a0\u00bb global_colors_info=\u00a0\u00bb{}\u00a0\u00bb button_border_color__hover_enabled=\u00a0\u00bbon|hover\u00a0\u00bb button_border_color__hover=\u00a0\u00bb#000000&Prime; button_border_width__hover_enabled=\u00a0\u00bboff|desktop\u00a0\u00bb button_border_width__hover=\u00a0\u00bb3px\u00a0\u00bb button_text_color__hover_enabled=\u00a0\u00bbon|desktop\u00a0\u00bb button_text_color__hover=\u00a0\u00bb#FFFFFF\u00a0\u00bb button_bg_color__hover_enabled=\u00a0\u00bbon|hover\u00a0\u00bb button_bg_color__hover=\u00a0\u00bb#000000&Prime; button_bg_enable_color__hover=\u00a0\u00bbon\u00a0\u00bb][et_pb_contact_field field_id=\u00a0\u00bbEmail\u00a0\u00bb field_title=\u00a0\u00bbE-mail\u00a0\u00bb field_type=\u00a0\u00bbemail\u00a0\u00bb fullwidth_field=\u00a0\u00bbon\u00a0\u00bb _builder_version=\u00a0\u00bb4.20.2&Prime; _module_preset=\u00a0\u00bbdefault\u00a0\u00bb global_colors_info=\u00a0\u00bb{}\u00a0\u00bb][\/et_pb_contact_field][\/et_pb_contact_form][\/et_pb_column][\/et_pb_row][\/et_pb_section][et_pb_section fb_built=\u00a0\u00bb1&Prime; disabled_on=\u00a0\u00bbon|on|on\u00a0\u00bb _builder_version=\u00a0\u00bb4.16&Prime; _module_preset=\u00a0\u00bbdefault\u00a0\u00bb custom_margin=\u00a0\u00bb|3vw||3vw|false|true\u00a0\u00bb custom_margin_tablet=\u00a0\u00bb|3vw||0vw|false|false\u00a0\u00bb custom_margin_phone=\u00a0\u00bb|||3vw|false|false\u00a0\u00bb custom_margin_last_edited=\u00a0\u00bbon|tablet\u00a0\u00bb custom_padding=\u00a0\u00bb|0px||0px|false|true\u00a0\u00bb disabled=\u00a0\u00bbon\u00a0\u00bb global_colors_info=\u00a0\u00bb{}\u00a0\u00bb][et_pb_row column_structure=\u00a0\u00bb1_4,3_4&Prime; use_custom_gutter=\u00a0\u00bbon\u00a0\u00bb gutter_width=\u00a0\u00bb1&Prime; _builder_version=\u00a0\u00bb4.16&Prime; _module_preset=\u00a0\u00bb86f2cb3c-f9df-410d-b289-179ba585df2e\u00a0\u00bb custom_padding=\u00a0\u00bb||||false|false\u00a0\u00bb global_colors_info=\u00a0\u00bb{}\u00a0\u00bb][et_pb_column type=\u00a0\u00bb1_4&Prime; disabled_on=\u00a0\u00bbon|on|off\u00a0\u00bb _builder_version=\u00a0\u00bb4.16&Prime; _module_preset=\u00a0\u00bbdefault\u00a0\u00bb custom_padding=\u00a0\u00bb|10px|||false|false\u00a0\u00bb global_colors_info=\u00a0\u00bb{}\u00a0\u00bb][et_pb_sidebar show_border=\u00a0\u00bboff\u00a0\u00bb disabled_on=\u00a0\u00bbon|off|off\u00a0\u00bb _builder_version=\u00a0\u00bb4.16&Prime; _module_preset=\u00a0\u00bbdefault\u00a0\u00bb body_font=\u00a0\u00bb|300|||||||\u00a0\u00bb body_line_height=\u00a0\u00bb1em\u00a0\u00bb custom_margin=\u00a0\u00bb0px|0px|0px|0px|false|false\u00a0\u00bb custom_padding=\u00a0\u00bb10px||||false|false\u00a0\u00bb global_colors_info=\u00a0\u00bb{}\u00a0\u00bb][\/et_pb_sidebar][et_pb_text _builder_version=\u00a0\u00bb4.16&Prime; _module_preset=\u00a0\u00bbdefault\u00a0\u00bb text_font=\u00a0\u00bb|300|||||||\u00a0\u00bb text_orientation=\u00a0\u00bbjustified\u00a0\u00bb max_width=\u00a0\u00bb450px\u00a0\u00bb custom_margin=\u00a0\u00bb||50px||false|false\u00a0\u00bb global_colors_info=\u00a0\u00bb{}\u00a0\u00bb]<\/p>\n<p>Vous cherchez une r\u00e9ponse sur un sujet pr\u00e9cis<br \/>ou souhaitez obtenir des conseils de nos experts?<\/p>\n<p>Discutons-en, nous sommes l\u00e0 pour vous aider.<\/p>\n<p>[\/et_pb_text][et_pb_button button_url=\u00a0\u00bbhttp:\/\/slimdesign.com\/contact\/\u00a0\u00bb button_text=\u00a0\u00bbParlons-en\u00a0\u00bb button_alignment=\u00a0\u00bbright\u00a0\u00bb admin_label=\u00a0\u00bbGet in touch\u00a0\u00bb _builder_version=\u00a0\u00bb4.20.2&Prime; _module_preset=\u00a0\u00bbdefault\u00a0\u00bb custom_margin=\u00a0\u00bb|782px|20px|782px|false|true\u00a0\u00bb custom_padding=\u00a0\u00bb||||false|false\u00a0\u00bb saved_tabs=\u00a0\u00bball\u00a0\u00bb global_colors_info=\u00a0\u00bb{}\u00a0\u00bb][\/et_pb_button][et_pb_button button_url=\u00a0\u00bb@ET-DC@eyJkeW5hbWljIjp0cnVlLCJjb250ZW50IjoicG9zdF9saW5rX3VybF9wYWdlIiwic2V0dGluZ3MiOnsicG9zdF9pZCI6IjEyMDI2In19@\u00a0\u00bb button_text=\u00a0\u00bbPlanifier une r\u00e9union\u00a0\u00bb admin_label=\u00a0\u00bbLearn More\u00a0\u00bb _builder_version=\u00a0\u00bb4.16&Prime; _dynamic_attributes=\u00a0\u00bbbutton_url\u00a0\u00bb _module_preset=\u00a0\u00bbdefault\u00a0\u00bb custom_button=\u00a0\u00bbon\u00a0\u00bb button_text_color=\u00a0\u00bb#7d7d7d\u00a0\u00bb button_bg_color=\u00a0\u00bb#efefef\u00a0\u00bb button_border_color=\u00a0\u00bb#efefef\u00a0\u00bb button_use_icon=\u00a0\u00bboff\u00a0\u00bb custom_margin=\u00a0\u00bb|20px|20px||false|false\u00a0\u00bb global_colors_info=\u00a0\u00bb{}\u00a0\u00bb button_text_color__hover_enabled=\u00a0\u00bbon|desktop\u00a0\u00bb button_text_color__hover=\u00a0\u00bb#7db4d7&Prime; button_bg_color__hover_enabled=\u00a0\u00bbon|hover\u00a0\u00bb button_bg_color__hover=\u00a0\u00bb#ffffff\u00a0\u00bb button_bg_enable_color__hover=\u00a0\u00bbon\u00a0\u00bb button_border_color__hover_enabled=\u00a0\u00bbon|hover\u00a0\u00bb button_border_color__hover=\u00a0\u00bb#7db4d7&Prime;][\/et_pb_button][\/et_pb_column][et_pb_column type=\u00a0\u00bb3_4&Prime; _builder_version=\u00a0\u00bb4.16&Prime; _module_preset=\u00a0\u00bbdefault\u00a0\u00bb global_colors_info=\u00a0\u00bb{}\u00a0\u00bb][et_pb_blog fullwidth=\u00a0\u00bboff\u00a0\u00bb posts_number=\u00a0\u00bb100&Prime; include_categories=\u00a0\u00bball\u00a0\u00bb show_author=\u00a0\u00bboff\u00a0\u00bb show_date=\u00a0\u00bboff\u00a0\u00bb show_categories=\u00a0\u00bboff\u00a0\u00bb _builder_version=\u00a0\u00bb4.16&Prime; _module_preset=\u00a0\u00bbdefault\u00a0\u00bb header_font=\u00a0\u00bb||||||||\u00a0\u00bb header_text_align=\u00a0\u00bbleft\u00a0\u00bb body_font=\u00a0\u00bb|300|||||||\u00a0\u00bb body_text_align=\u00a0\u00bbjustify\u00a0\u00bb text_orientation=\u00a0\u00bbjustified\u00a0\u00bb custom_css_content=\u00a0\u00bbpadding-bottom: 50px;||||\u00a0\u00bb border_width_all=\u00a0\u00bb0px\u00a0\u00bb global_colors_info=\u00a0\u00bb{}\u00a0\u00bb][\/et_pb_blog][\/et_pb_column][\/et_pb_row][\/et_pb_section]<\/p>\n","protected":false},"excerpt":{"rendered":"<p>Partenariat avec nous info@phonecam.ai Rejoignez-nous! Nous recherchons des personnes sur tous les fronts. Si vous pensez pouvoir \u00eatre un atout pr\u00e9cieux pour notre \u00e9quipe en gestion de logiciels ou de produits, veuillez envoyer votre candidature \u00e0 info@phonecam.ai. Contactez-nous ! Si vous \u00eates int\u00e9ress\u00e9 par PhoneCam, veuillez envoyer un e-mail \u00e0 info@phonecam.ai.Soyez inform\u00e9 &nbsp; Si vous [&hellip;]<\/p>\n","protected":false},"author":1,"featured_media":0,"parent":0,"menu_order":0,"comment_status":"closed","ping_status":"closed","template":"","meta":{"_et_pb_use_builder":"on","_et_pb_old_content":"","_et_gb_content_width":"","footnotes":""},"class_list":["post-5595","page","type-page","status-publish","hentry"],"yoast_head":"<!-- This site is optimized with the Yoast SEO plugin v26.4 - https:\/\/yoast.com\/wordpress\/plugins\/seo\/ -->\n<title>Perspectives - PhoneCam<\/title>\n<meta name=\"robots\" content=\"index, follow, max-snippet:-1, max-image-preview:large, max-video-preview:-1\" \/>\n<link rel=\"canonical\" href=\"https:\/\/phonecam.ai\/fr\/insights\/\" \/>\n<meta property=\"og:locale\" content=\"fr_FR\" \/>\n<meta property=\"og:type\" content=\"article\" \/>\n<meta property=\"og:title\" content=\"Perspectives - PhoneCam\" \/>\n<meta property=\"og:description\" content=\"Partenariat avec nous info@phonecam.ai Rejoignez-nous! Nous recherchons des personnes sur tous les fronts. Si vous pensez pouvoir \u00eatre un atout pr\u00e9cieux pour notre \u00e9quipe en gestion de logiciels ou de produits, veuillez envoyer votre candidature \u00e0 info@phonecam.ai. Contactez-nous ! Si vous \u00eates int\u00e9ress\u00e9 par PhoneCam, veuillez envoyer un e-mail \u00e0 info@phonecam.ai.Soyez inform\u00e9 &nbsp; Si vous [&hellip;]\" \/>\n<meta property=\"og:url\" content=\"https:\/\/phonecam.ai\/fr\/insights\/\" \/>\n<meta property=\"og:site_name\" content=\"PhoneCam\" \/>\n<meta property=\"article:modified_time\" content=\"2025-12-22T09:48:18+00:00\" \/>\n<meta name=\"twitter:card\" content=\"summary_large_image\" \/>\n<meta name=\"twitter:label1\" content=\"Dur\u00e9e de lecture estim\u00e9e\" \/>\n\t<meta name=\"twitter:data1\" content=\"6 minutes\" \/>\n<script type=\"application\/ld+json\" class=\"yoast-schema-graph\">{\"@context\":\"https:\/\/schema.org\",\"@graph\":[{\"@type\":\"WebPage\",\"@id\":\"https:\/\/phonecam.ai\/fr\/insights\/\",\"url\":\"https:\/\/phonecam.ai\/fr\/insights\/\",\"name\":\"Perspectives - PhoneCam\",\"isPartOf\":{\"@id\":\"https:\/\/phonecam.ai\/fr\/#website\"},\"datePublished\":\"2025-05-28T15:25:09+00:00\",\"dateModified\":\"2025-12-22T09:48:18+00:00\",\"breadcrumb\":{\"@id\":\"https:\/\/phonecam.ai\/fr\/insights\/#breadcrumb\"},\"inLanguage\":\"fr-FR\",\"potentialAction\":[{\"@type\":\"ReadAction\",\"target\":[\"https:\/\/phonecam.ai\/fr\/insights\/\"]}]},{\"@type\":\"BreadcrumbList\",\"@id\":\"https:\/\/phonecam.ai\/fr\/insights\/#breadcrumb\",\"itemListElement\":[{\"@type\":\"ListItem\",\"position\":1,\"name\":\"Home\",\"item\":\"https:\/\/phonecam.ai\/fr\/accueil\/\"},{\"@type\":\"ListItem\",\"position\":2,\"name\":\"Perspectives\"}]},{\"@type\":\"WebSite\",\"@id\":\"https:\/\/phonecam.ai\/fr\/#website\",\"url\":\"https:\/\/phonecam.ai\/fr\/\",\"name\":\"PhoneCam\",\"description\":\"The World&#039;s Smallest, most Affordable AI Bodycamera\",\"publisher\":{\"@id\":\"https:\/\/phonecam.ai\/fr\/#organization\"},\"potentialAction\":[{\"@type\":\"SearchAction\",\"target\":{\"@type\":\"EntryPoint\",\"urlTemplate\":\"https:\/\/phonecam.ai\/fr\/?s={search_term_string}\"},\"query-input\":{\"@type\":\"PropertyValueSpecification\",\"valueRequired\":true,\"valueName\":\"search_term_string\"}}],\"inLanguage\":\"fr-FR\"},{\"@type\":\"Organization\",\"@id\":\"https:\/\/phonecam.ai\/fr\/#organization\",\"name\":\"PhoneCam\",\"url\":\"https:\/\/phonecam.ai\/fr\/\",\"logo\":{\"@type\":\"ImageObject\",\"inLanguage\":\"fr-FR\",\"@id\":\"https:\/\/phonecam.ai\/fr\/#\/schema\/logo\/image\/\",\"url\":\"http:\/\/phonecam.ai\/wp-content\/uploads\/2024\/02\/PhoneCam_Logo_Black_White-Background-02.png\",\"contentUrl\":\"http:\/\/phonecam.ai\/wp-content\/uploads\/2024\/02\/PhoneCam_Logo_Black_White-Background-02.png\",\"width\":5006,\"height\":1771,\"caption\":\"PhoneCam\"},\"image\":{\"@id\":\"https:\/\/phonecam.ai\/fr\/#\/schema\/logo\/image\/\"},\"sameAs\":[\"https:\/\/www.instagram.com\/phonecam.ai\/\",\"https:\/\/www.linkedin.com\/company\/phonecam-by-slimdesign\"]}]}<\/script>\n<!-- \/ Yoast SEO plugin. -->","yoast_head_json":{"title":"Perspectives - PhoneCam","robots":{"index":"index","follow":"follow","max-snippet":"max-snippet:-1","max-image-preview":"max-image-preview:large","max-video-preview":"max-video-preview:-1"},"canonical":"https:\/\/phonecam.ai\/fr\/insights\/","og_locale":"fr_FR","og_type":"article","og_title":"Perspectives - PhoneCam","og_description":"Partenariat avec nous info@phonecam.ai Rejoignez-nous! Nous recherchons des personnes sur tous les fronts. Si vous pensez pouvoir \u00eatre un atout pr\u00e9cieux pour notre \u00e9quipe en gestion de logiciels ou de produits, veuillez envoyer votre candidature \u00e0 info@phonecam.ai. Contactez-nous ! Si vous \u00eates int\u00e9ress\u00e9 par PhoneCam, veuillez envoyer un e-mail \u00e0 info@phonecam.ai.Soyez inform\u00e9 &nbsp; Si vous [&hellip;]","og_url":"https:\/\/phonecam.ai\/fr\/insights\/","og_site_name":"PhoneCam","article_modified_time":"2025-12-22T09:48:18+00:00","twitter_card":"summary_large_image","twitter_misc":{"Dur\u00e9e de lecture estim\u00e9e":"6 minutes"},"schema":{"@context":"https:\/\/schema.org","@graph":[{"@type":"WebPage","@id":"https:\/\/phonecam.ai\/fr\/insights\/","url":"https:\/\/phonecam.ai\/fr\/insights\/","name":"Perspectives - PhoneCam","isPartOf":{"@id":"https:\/\/phonecam.ai\/fr\/#website"},"datePublished":"2025-05-28T15:25:09+00:00","dateModified":"2025-12-22T09:48:18+00:00","breadcrumb":{"@id":"https:\/\/phonecam.ai\/fr\/insights\/#breadcrumb"},"inLanguage":"fr-FR","potentialAction":[{"@type":"ReadAction","target":["https:\/\/phonecam.ai\/fr\/insights\/"]}]},{"@type":"BreadcrumbList","@id":"https:\/\/phonecam.ai\/fr\/insights\/#breadcrumb","itemListElement":[{"@type":"ListItem","position":1,"name":"Home","item":"https:\/\/phonecam.ai\/fr\/accueil\/"},{"@type":"ListItem","position":2,"name":"Perspectives"}]},{"@type":"WebSite","@id":"https:\/\/phonecam.ai\/fr\/#website","url":"https:\/\/phonecam.ai\/fr\/","name":"PhoneCam","description":"The World&#039;s Smallest, most Affordable AI Bodycamera","publisher":{"@id":"https:\/\/phonecam.ai\/fr\/#organization"},"potentialAction":[{"@type":"SearchAction","target":{"@type":"EntryPoint","urlTemplate":"https:\/\/phonecam.ai\/fr\/?s={search_term_string}"},"query-input":{"@type":"PropertyValueSpecification","valueRequired":true,"valueName":"search_term_string"}}],"inLanguage":"fr-FR"},{"@type":"Organization","@id":"https:\/\/phonecam.ai\/fr\/#organization","name":"PhoneCam","url":"https:\/\/phonecam.ai\/fr\/","logo":{"@type":"ImageObject","inLanguage":"fr-FR","@id":"https:\/\/phonecam.ai\/fr\/#\/schema\/logo\/image\/","url":"http:\/\/phonecam.ai\/wp-content\/uploads\/2024\/02\/PhoneCam_Logo_Black_White-Background-02.png","contentUrl":"http:\/\/phonecam.ai\/wp-content\/uploads\/2024\/02\/PhoneCam_Logo_Black_White-Background-02.png","width":5006,"height":1771,"caption":"PhoneCam"},"image":{"@id":"https:\/\/phonecam.ai\/fr\/#\/schema\/logo\/image\/"},"sameAs":["https:\/\/www.instagram.com\/phonecam.ai\/","https:\/\/www.linkedin.com\/company\/phonecam-by-slimdesign"]}]}},"_links":{"self":[{"href":"https:\/\/phonecam.ai\/fr\/wp-json\/wp\/v2\/pages\/5595","targetHints":{"allow":["GET"]}}],"collection":[{"href":"https:\/\/phonecam.ai\/fr\/wp-json\/wp\/v2\/pages"}],"about":[{"href":"https:\/\/phonecam.ai\/fr\/wp-json\/wp\/v2\/types\/page"}],"author":[{"embeddable":true,"href":"https:\/\/phonecam.ai\/fr\/wp-json\/wp\/v2\/users\/1"}],"replies":[{"embeddable":true,"href":"https:\/\/phonecam.ai\/fr\/wp-json\/wp\/v2\/comments?post=5595"}],"version-history":[{"count":5,"href":"https:\/\/phonecam.ai\/fr\/wp-json\/wp\/v2\/pages\/5595\/revisions"}],"predecessor-version":[{"id":6123,"href":"https:\/\/phonecam.ai\/fr\/wp-json\/wp\/v2\/pages\/5595\/revisions\/6123"}],"wp:attachment":[{"href":"https:\/\/phonecam.ai\/fr\/wp-json\/wp\/v2\/media?parent=5595"}],"curies":[{"name":"wp","href":"https:\/\/api.w.org\/{rel}","templated":true}]}}